{"id":65,"date":"2017-08-08T11:52:10","date_gmt":"2017-08-08T11:52:10","guid":{"rendered":"http:\/\/neu.musikschule-suedheide.at\/?page_id=65"},"modified":"2023-05-12T09:13:41","modified_gmt":"2023-05-12T07:13:41","slug":"facherangebot","status":"publish","type":"page","link":"https:\/\/neu.musikschule-suedheide.at\/?page_id=65","title":{"rendered":"F\u00e4cherangebot"},"content":{"rendered":"<div id=\"inhalt_text\">\n<h1 class=\"Stil3\">F\u00e4cherangebot der Musikschule S\u00fcdheide<\/h1>\n<div align=\"justify\">\n<p class=\"p1\"><span class=\"s1\">Blockfl\u00f6te<\/span><\/p>\n<p class=\"p1\"><span class=\"s1\">E-Bass<\/span><\/p>\n<p class=\"p1\"><span class=\"s1\">E-Gitarre<\/span><\/p>\n<p class=\"p1\"><span class=\"s1\">Fl\u00fcgelhorn<\/span><\/p>\n<p class=\"p1\"><span class=\"s1\">Gesang<\/span><\/p>\n<p class=\"p1\"><span class=\"s1\">Gitarre<\/span><\/p>\n<p class=\"p1\"><span class=\"s1\">Keyboard<\/span><\/p>\n<p class=\"p1\"><span class=\"s1\">Klarinette<\/span><\/p>\n<p class=\"p1\"><span class=\"s1\">Klavier<\/span><\/p>\n<p class=\"p1\"><span class=\"s1\">EMP (Elementare Musikp\u00e4dagogik) \/ Musikalische Fr\u00fcherziehung (MFE)<\/span><\/p>\n<p class=\"p1\"><span class=\"s1\">Oboe<\/span><\/p>\n<p class=\"p1\"><span class=\"s1\">Posaune<\/span><\/p>\n<p class=\"p1\"><span class=\"s1\">Querfl\u00f6te<\/span><\/p>\n<p class=\"p1\"><span class=\"s1\">Saxofon<\/span><\/p>\n<p class=\"p1\"><span class=\"s1\">Schlagwerk<\/span><\/p>\n<p class=\"p1\"><span class=\"s1\">Stimmbildung<\/span><\/p>\n<p class=\"p2\"><span class=\"s1\">Tanz: Kreativer Kindertanz, Ballett, Moderner Tanz\/Tanzakrobatik, Boys only\u00a0<\/span><\/p>\n<p class=\"p1\"><span class=\"s1\">Trompete<\/span><\/p>\n<p class=\"p1\"><span class=\"s1\">Viola<\/span><\/p>\n<p class=\"p1\"><span class=\"s1\">Violine<\/span><\/p>\n<p class=\"p1\"><span class=\"s1\">Violoncello<\/span><\/p>\n<p class=\"p1\"><span class=\"s1\"><b>Kooperationen:\u00a0<\/b><\/span><\/p>\n<p class=\"p1\"><span class=\"s1\">Bl\u00e4serklasse, Br\u00fcckenmusik, Singklasse<\/span><\/p>\n<p class=\"p1\"><span class=\"s1\"><b>Erg\u00e4nzungsf\u00e4cher (k\u00f6nnen variieren; je nach Stundenkontingent des jeweiligen Schuljahres an den Standorten):<\/b><\/span><\/p>\n<p class=\"p1\"><span class=\"s1\">Alexandertechnik<\/span><\/p>\n<p class=\"p1\"><span class=\"s1\">Bands (Verschiedene, nach Standorten &amp; Lehrkr\u00e4ften)<\/span><\/p>\n<p class=\"p1\"><span class=\"s1\">Bl\u00e4serensemble<\/span><\/p>\n<p class=\"p1\"><span class=\"s1\">Bl\u00e4serkammermusik<\/span><\/p>\n<p class=\"p1\"><span class=\"s1\">Blockfl\u00f6tenensemble<\/span><\/p>\n<p class=\"p1\"><span class=\"s1\">Gitarrenensemble<\/span><\/p>\n<p>Improensemble<\/p>\n<p class=\"p1\"><span class=\"s1\">Jazz-Ensemble\/Big Band<\/span><\/p>\n<p>Kammermusik<\/p>\n<p>Klavier zu 4 und 6 H\u00e4nden<\/p>\n<p>Klavierkammermusik<\/p>\n<p class=\"p1\"><span class=\"s1\">Korrepetition<\/span><\/p>\n<p class=\"p1\"><span class=\"s1\">Musiktheorie\/Musikkunde <\/span><\/p>\n<p class=\"p1\"><span class=\"s1\">Orchester<\/span><\/p>\n<p class=\"p1\"><span class=\"s1\">Querfl\u00f6tenensemble<\/span><\/p>\n<p class=\"p1\"><span class=\"s1\">Schlagwerkensemble<\/span><\/p>\n<p>Sprechtechnik &amp; Auftrittscoaching<\/p>\n<\/div>\n<\/div>\n<div id=\"inhalt_text\">\n<div align=\"justify\">\n<p class=\"p1\"><span class=\"s1\">Streicherensemble<\/span><\/p>\n<p class=\"p1\"><span class=\"s1\">Tanzensemble<\/span><\/p>\n<p class=\"p1\"><span class=\"s1\">Vokalensemble<\/span><\/p>\n<p class=\"p1\">\n<\/div>\n<\/div>\n","protected":false},"excerpt":{"rendered":"<p>F\u00e4cherangebot der Musikschule S\u00fcdheide Blockfl\u00f6te E-Bass E-Gitarre Fl\u00fcgelhorn Gesang Gitarre Keyboard Klarinette Klavier EMP (Elementare Musikp\u00e4dagogik) \/ Musikalische Fr\u00fcherziehung (MFE) Oboe Posaune Querfl\u00f6te Saxofon Schlagwerk Stimmbildung Tanz: Kreativer Kindertanz, Ballett, Moderner Tanz\/Tanzakrobatik, Boys only\u00a0 Trompete Viola Violine Violoncello Kooperationen:\u00a0 Bl\u00e4serklasse, Br\u00fcckenmusik, Singklasse Erg\u00e4nzungsf\u00e4cher (k\u00f6nnen variieren; je nach Stundenkontingent des jeweiligen Schuljahres an den Standorten): Alexandertechnik &hellip; <\/p>\n<p class=\"link-more\"><a href=\"https:\/\/neu.musikschule-suedheide.at\/?page_id=65\" class=\"more-link\"><span class=\"screen-reader-text\">\u201eF\u00e4cherangebot\u201c<\/span> weiterlesen<\/a><\/p>\n","protected":false},"author":1,"featured_media":0,"parent":0,"menu_order":0,"comment_status":"closed","ping_status":"closed","template":"","meta":[],"_links":{"self":[{"href":"https:\/\/neu.musikschule-suedheide.at\/index.php?rest_route=\/wp\/v2\/pages\/65"}],"collection":[{"href":"https:\/\/neu.musikschule-suedheide.at\/index.php?rest_route=\/wp\/v2\/pages"}],"about":[{"href":"https:\/\/neu.musikschule-suedheide.at\/index.php?rest_route=\/wp\/v2\/types\/page"}],"author":[{"embeddable":true,"href":"https:\/\/neu.musikschule-suedheide.at\/index.php?rest_route=\/wp\/v2\/users\/1"}],"replies":[{"embeddable":true,"href":"https:\/\/neu.musikschule-suedheide.at\/index.php?rest_route=%2Fwp%2Fv2%2Fcomments&post=65"}],"version-history":[{"count":9,"href":"https:\/\/neu.musikschule-suedheide.at\/index.php?rest_route=\/wp\/v2\/pages\/65\/revisions"}],"predecessor-version":[{"id":1817,"href":"https:\/\/neu.musikschule-suedheide.at\/index.php?rest_route=\/wp\/v2\/pages\/65\/revisions\/1817"}],"wp:attachment":[{"href":"https:\/\/neu.musikschule-suedheide.at\/index.php?rest_route=%2Fwp%2Fv2%2Fmedia&parent=65"}],"curies":[{"name":"wp","href":"https:\/\/api.w.org\/{rel}","templated":true}]}}