{"id":67,"date":"2017-08-08T11:52:38","date_gmt":"2017-08-08T11:52:38","guid":{"rendered":"http:\/\/neu.musikschule-suedheide.at\/?page_id=67"},"modified":"2017-08-08T11:52:38","modified_gmt":"2017-08-08T11:52:38","slug":"leitbild","status":"publish","type":"page","link":"https:\/\/neu.musikschule-suedheide.at\/?page_id=67","title":{"rendered":"Leitbild"},"content":{"rendered":"<p><span class=\"Stil6\">Leitbild<\/span><\/p>\n<p><span class=\"Stil5\">Die musikalische Ausbildung an einer N\u00d6 Musikschule im Musizieren, Singen und Tanzen versteht sich ebenso als Basis-Ausbildung umfasst mehrere Ausbildungsstufen und fu\u00dft auf Richtlinien, die f\u00fcr ganz N\u00d6 gelten.<br \/>\nEs gibt Angebote f\u00fcr die Allerj\u00fcngsten bis zu Jugendlichen bzw. jungen Erwachsenen. Die Inanspruchnahme des Unterrichts an einer N\u00d6 Musikschule ist f\u00fcr jeden\/jede bis zum vollendeten 24. Lebensjahr m\u00f6glich.<br \/>\nJeder \/jede ist willkommen: ob er \/sie nun die Musikschule als Freizeitangebot nutzen m\u00f6chte oder aber als Grundstein f\u00fcr eine zuk\u00fcnftige Berufslaufbahn im Zeichen der Musik bzw. als Vorbereitung f\u00fcr ein sp\u00e4teres Musikstudium.<br \/>\nVom Anf\u00e4nger bis zum Fortgeschrittenen!<\/p>\n<p>Das Ausbildungssystem, das f\u00fcr alle Musikschulen in N\u00d6 gilt, umfasst 2 Jahre Elementarstufe. Darauf baut die Unterstufe (im Regelfall 4 Jahre) auf, daran schlie\u00dft die Mittelstufe an. Den Abschluss bildet die Oberstufe. Im Rahmen der Ausbildung werden verschiedene Pr\u00fcfungen abgelegt. Das erfolgreiche Absolvieren der verschiedenen Ausbildungsstufen ist mit dem Erwerb von Urkunden und Pins (Abzeichen) in Bronze, Silber, Gold verbunden.<\/p>\n<p>Der Einzel-Instrumental bzw. Gesangsunterricht bzw. Gruppenunterricht sowie Tanzunterricht bildet die Basis der gesamten musikalischen Ausbildung an der Musikschule.<br \/>\nVerschiedene zus\u00e4tzliche Nebenf\u00e4cher wie z.B. Ch\u00f6re, Bands, Jazzensemble, Musiktheorie, Volksmusikensemble, Akkordeonensemble, Vokalensemble, Streicherensemble, Fl\u00f6tenensemble, Schlagwerkensemble etc. (geb\u00fchrenfrei f\u00fcr jene Sch\u00fclerinnen und Sch\u00fcler, die ein Hauptfach belegen) vertiefen das Gelernte und f\u00f6rdern das gemeinsame Musizieren. Von Anfang an ist es uns Lehrkr\u00e4ften ein wesentliches Anliegen, die Sch\u00fclerinnen und Sch\u00fcler in Gruppen, Ensembles und innerhalb von Orchesterprojekten zusammenzubringen und gemeinsam musizieren zu lassen.<\/p>\n<p>Das &#8222;Zusammen-Musizieren&#8220;: ein positives, pr\u00e4gendes Erlebnis von Gemeinschaft! Jeden Sch\u00fcler\/ jede Sch\u00fclerin zu unterst\u00fctzen, seinen\/ihren individuellen, ganz pers\u00f6nlichen Zugang zur Musik zu finden und ihn\/sie auf diesem Weg zu begleiten, ist uns Lehrkr\u00e4ften ein wesentliches Anliegen.<br \/>\nDabei setzen wir auf Ihre Unterst\u00fctzung als Eltern, um dies bestm\u00f6glich erf\u00fcllen zu k\u00f6nnen. Der Erfolg des Unterrichts, die Freude am Musizieren h\u00e4ngen wesentlich von der Bereitschaft zur Zusammenarbeit und Kommunikation von beiden Seiten ab.<br \/>\nEine neue F\u00e4higkeit zu entdecken macht Spa\u00df. Neue Fertigkeiten m\u00fcssen aber auch trainiert werden: ohne Wiederholen keine Sicherheit und Routine.<\/p>\n<p>Das regelm\u00e4\u00dfige \u00dcben zuhause ist wesentlicher Teil der Ausbildung: dessen sollte sich jeder \/ bzw. jede bewu\u00dft sein. Unsere Sch\u00fclerinnen und Sch\u00fcler haben im Rahmen von Klassenabenden, Konzerten und \u00fcberregionalen Musikschulprojekten Gelegenheit, ihr K\u00f6nnen vor Publikum zu zeigen. Eine vom Land N\u00d6 gef\u00f6rderte Ausbildung an unserer Musikschule in Anspruch zu nehmen beinhaltet, an Musikschulveranstaltungen teilzunehmen und somit aktiv das Kulturleben unserer Region mitzugestalten. Sich auf einer B\u00fchne zu pr\u00e4sentieren, erfordert Mut und Routine \u2013 und ist eine Frage des Trainings.<br \/>\nWarum \u00f6ffentliche Auftritte und die Mitwirkung an Veranstaltungen?<br \/>\nKinder und Jugendliche<br \/>\n+ trainieren, sich vor Publikum, in der \u00d6ffentlichkeit zu pr\u00e4sentieren<br \/>\n+ werden in ihrem Selbstwertgef\u00fchl gest\u00e4rkt, bekommen Anerkennung<br \/>\n+ lernen, positiv mit Stress umzugehen<br \/>\n+ gewinnen die F\u00e4higkeit, auf ein Ziel hinzuarbeiten<br \/>\n\u2026 erwerben somit spielerisch Fertigkeiten, die auch in der Schule sowie sp\u00e4ter beim Studium oder Beruf gefragt sind!<\/p>\n<p><strong>Kompetenzzentrum Musikschule!<\/strong><\/p>\n<p>Eine Musik- bzw. Gesangs- und\/oder Tanzausbildung bei uns an der Musikschule<br \/>\nS\u00fcdheide:<\/p>\n<p>+ f\u00f6rdert die Kreativit\u00e4t<br \/>\n+ st\u00e4rkt die Pers\u00f6nlichkeit<br \/>\n+ intensiviert die Lern-und Konzentrationsf\u00e4higkeit<br \/>\n+ schult die Motorik<br \/>\n+ vermittelt \u00fcber das fachspezifische K\u00f6nnen hinaus soziale Kompetenzen<br \/>\n+ Musik verbindet &#8211; Freundschaften entstehen beim gemeinsamen Musizieren<br \/>\n+ Schul\u00fcbergreifende Projekte bieten neue Erfahrungen<br \/>\n(z.B. bei der Mitwirkung in einem \u00fcberregionalen Orchester haben unsere Sch\u00fclerinnen und Sch\u00fcler<br \/>\nGelegenheit, den Klang eines Orchesters &#8222;live&#8220; zu erleben und Teil eines \u201egro\u00dfen Ganzen\u201c zu sein)<\/p>\n<p><strong>&#8230; in anderen Worten:<\/strong>\u00a0eine sinnvolle Freizeitbesch\u00e4ftigung, bei der alle Sinne gefordert bzw. gef\u00f6rdert<br \/>\nwerden!<\/span><\/p>\n","protected":false},"excerpt":{"rendered":"<p>Leitbild Die musikalische Ausbildung an einer N\u00d6 Musikschule im Musizieren, Singen und Tanzen versteht sich ebenso als Basis-Ausbildung umfasst mehrere Ausbildungsstufen und fu\u00dft auf Richtlinien, die f\u00fcr ganz N\u00d6 gelten. Es gibt Angebote f\u00fcr die Allerj\u00fcngsten bis zu Jugendlichen bzw. jungen Erwachsenen. Die Inanspruchnahme des Unterrichts an einer N\u00d6 Musikschule ist f\u00fcr jeden\/jede bis zum &hellip; <\/p>\n<p class=\"link-more\"><a href=\"https:\/\/neu.musikschule-suedheide.at\/?page_id=67\" class=\"more-link\"><span class=\"screen-reader-text\">\u201eLeitbild\u201c<\/span> weiterlesen<\/a><\/p>\n","protected":false},"author":1,"featured_media":0,"parent":0,"menu_order":0,"comment_status":"closed","ping_status":"closed","template":"","meta":[],"_links":{"self":[{"href":"https:\/\/neu.musikschule-suedheide.at\/index.php?rest_route=\/wp\/v2\/pages\/67"}],"collection":[{"href":"https:\/\/neu.musikschule-suedheide.at\/index.php?rest_route=\/wp\/v2\/pages"}],"about":[{"href":"https:\/\/neu.musikschule-suedheide.at\/index.php?rest_route=\/wp\/v2\/types\/page"}],"author":[{"embeddable":true,"href":"https:\/\/neu.musikschule-suedheide.at\/index.php?rest_route=\/wp\/v2\/users\/1"}],"replies":[{"embeddable":true,"href":"https:\/\/neu.musikschule-suedheide.at\/index.php?rest_route=%2Fwp%2Fv2%2Fcomments&post=67"}],"version-history":[{"count":1,"href":"https:\/\/neu.musikschule-suedheide.at\/index.php?rest_route=\/wp\/v2\/pages\/67\/revisions"}],"predecessor-version":[{"id":68,"href":"https:\/\/neu.musikschule-suedheide.at\/index.php?rest_route=\/wp\/v2\/pages\/67\/revisions\/68"}],"wp:attachment":[{"href":"https:\/\/neu.musikschule-suedheide.at\/index.php?rest_route=%2Fwp%2Fv2%2Fmedia&parent=67"}],"curies":[{"name":"wp","href":"https:\/\/api.w.org\/{rel}","templated":true}]}}